{"id":121,"date":"2025-02-10T11:12:44","date_gmt":"2025-02-10T11:12:44","guid":{"rendered":"https:\/\/armako.info\/?page_id=121"},"modified":"2025-04-29T07:41:44","modified_gmt":"2025-04-29T07:41:44","slug":"cennik","status":"publish","type":"page","link":"https:\/\/armako.info\/en\/cennik\/","title":{"rendered":"Price"},"content":{"rendered":"<section class=\"bde-section-121-100 bde-section\">\n              \n  \n  \n\t\n\n  <div class=\"section-background-overlay\"><\/div>\n\n\n<div class=\"section-container\"><div class=\"bde-grid-121-101 bde-grid\">\n  \n  \n\t\n\n\n\n<div class=\"bde-div-121-102 bde-div\">\n  \n  \n\t\n\n\n\n<h1 class=\"bde-heading-121-103 bde-heading\">\nPrice list of used clothes\n<\/h1><div class=\"bde-breadcrumbs-121-104 bde-breadcrumbs\"><span><span><a href=\"https:\/\/armako.info\/en\/\">Home<\/a><\/span><\/span><\/div>\n<\/div>\n<\/div><\/div>\n<\/section><section class=\"bde-section-121-105 bde-section\">\n  \n  \n\t\n\n\n\n<div class=\"section-container\"><div class=\"bde-columns-121-106 bde-columns\"><div class=\"bde-column-121-107 bde-column\">\n  \n  \n\t\n\n\n\n<div class=\"bde-image-121-108 bde-image\">\n<figure class=\"breakdance-image breakdance-image--184\">\n\t<div class=\"breakdance-image-container\">\n\t\t<div class=\"breakdance-image-clip\"><img loading=\"lazy\" decoding=\"async\" class=\"breakdance-image-object\" src=\"https:\/\/armako.info\/wp-content\/uploads\/2025\/02\/portrait-of-young-bearded-trucker-standing-by-his-2023-09-21-04-41-17-utc-13.jpg\" width=\"588\" height=\"734\" srcset=\"https:\/\/armako.info\/wp-content\/uploads\/2025\/02\/portrait-of-young-bearded-trucker-standing-by-his-2023-09-21-04-41-17-utc-13.jpg 588w, https:\/\/armako.info\/wp-content\/uploads\/2025\/02\/portrait-of-young-bearded-trucker-standing-by-his-2023-09-21-04-41-17-utc-13-240x300.jpg 240w\" sizes=\"auto, (max-width: 588px) 100vw, 588px\"><\/div>\n\t<\/div><\/figure>\n\n<\/div>\n<\/div><div class=\"bde-column-121-109 bde-column\">\n  \n  \n\t\n\n\n\n<div class=\"bde-div-121-110 bde-div\">\n  \n  \n\t\n\n\n\n<h2 class=\"bde-heading-121-112 bde-heading\">\nGwarantujemy 100% oryginalny Niesort Door to Door \u2013 w takiej formie w jakiej zosta\u0142 zebrany\n<\/h2><div class=\"bde-text-121-113 bde-text\">\nCeny importowanej odzie\u017cy u\u017cywanej ulegaj\u0105 ci\u0105g\u0142ym zmianom. Hurtownia ARMAKO oferuje swoim odbiorcom przejrzyste i uczciwe warunki cenowe. Dzi\u0119ki temu wsp\u00f3\u0142praca jest przewidywalna i oparta \u2028na zdrowych relacjach. Wiemy, jak wa\u017cne s\u0105 dla naszych klient\u00f3w konkurencyjne ceny za towar, kt\u00f3ry im dostarczamy.<br><br>Do ka\u017cdego partenera podchodzimy wi\u0119c w indywidualny spos\u00f3b, aby zaspokoi\u0107 jego potrzeby oraz wymagania rynkowe. Jeste\u015bmy dumni \u2028z tego, \u017ce na przestrzeni wielu lat zdobyli\u015bmy uznanie i renom\u0119 w\u015br\u00f3d naszych klient\u00f3w.\n<\/div><div class=\"bde-button-121-114 bde-button\">\n    \n                        \n                        \n    \n    \n    \n    \n            \n                    \n            \n            \n\n    \n    \n    \n    \n    \n    <a class=\"breakdance-link button-atom button-atom--secondary bde-button__button\" href=\"#kontakt\" target=\"_self\" data-type=\"url\"  >\n\n    \n        <span class=\"button-atom__text\">Please contact me<\/span>\n\n        \n        \n                <\/a>\n\n    \n\n\n<\/div>\n<\/div>\n<\/div><\/div><\/div>\n<\/section><section id=\"start\" class=\"bde-section-121-163 bde-section\">\n  \n  \n\t\n\n\n\n<div class=\"section-container\"><h2 class=\"bde-dual-heading-121-164 bde-dual-heading\">\n\n\n            <span data-style=\"primary\" class=\"dual-heading--primary\">why is it<\/span>\n\n            <span data-style=\"secondary\" class=\"dual-heading--secondary\">worth it?<\/span>\n\n\n\n<\/h2><div class=\"bde-columns-121-165 bde-columns\"><div class=\"bde-column-121-166 bde-column\">\n  \n  \n\t\n\n\n\n<div class=\"bde-icon-121-167 bde-icon\">\n\n    \n            <div class=\"bde-icon-icon breakdance-icon-atom\" >\n    \n                    <svg xmlns=\"http:\/\/www.w3.org\/2000\/svg\" viewbox=\"0 0 576 512\"><!--! Font Awesome Free 6.5.1 by @fontawesome - https:\/\/fontawesome.com License - https:\/\/fontawesome.com\/license\/free (Icons: CC BY 4.0, Fonts: SIL OFL 1.1, Code: MIT License) Copyright 2023 Fonticons, Inc. --><path d=\"M112 112c0 35.3-28.7 64-64 64V336c35.3 0 64 28.7 64 64H464c0-35.3 28.7-64 64-64V176c-35.3 0-64-28.7-64-64H112zM0 128C0 92.7 28.7 64 64 64H512c35.3 0 64 28.7 64 64V384c0 35.3-28.7 64-64 64H64c-35.3 0-64-28.7-64-64V128zM176 256a112 112 0 1 1 224 0 112 112 0 1 1 -224 0zm80-48c0 8.8 7.2 16 16 16v64h-8c-8.8 0-16 7.2-16 16s7.2 16 16 16h24 24c8.8 0 16-7.2 16-16s-7.2-16-16-16h-8V208c0-8.8-7.2-16-16-16H272c-8.8 0-16 7.2-16 16z\"\/><\/svg>\n        \n        \n        \n            <\/div>\n    \n\n\n<\/div><div class=\"bde-rich-text-121-168 bde-rich-text breakdance-rich-text-styles\">\n<p>Accurate prices at the wholesaler or by phone<\/p>\n<\/div><h4 class=\"bde-heading-121-169 bde-heading\">\n1\n<\/h4>\n<\/div><div class=\"bde-column-121-170 bde-column\">\n  \n  \n\t\n\n\n\n<div class=\"bde-icon-121-171 bde-icon\">\n\n    \n            <div class=\"bde-icon-icon breakdance-icon-atom\" >\n    \n                    <svg xmlns=\"http:\/\/www.w3.org\/2000\/svg\" viewbox=\"0 0 640 512\"><!--! Font Awesome Free 6.5.1 by @fontawesome - https:\/\/fontawesome.com License - https:\/\/fontawesome.com\/license\/free (Icons: CC BY 4.0, Fonts: SIL OFL 1.1, Code: MIT License) Copyright 2023 Fonticons, Inc. --><path d=\"M256 48c0-26.5 21.5-48 48-48H592c26.5 0 48 21.5 48 48V464c0 26.5-21.5 48-48 48H381.3c1.8-5 2.7-10.4 2.7-16V253.3c18.6-6.6 32-24.4 32-45.3V176c0-26.5-21.5-48-48-48H256V48zM571.3 347.3c6.2-6.2 6.2-16.4 0-22.6l-64-64c-6.2-6.2-16.4-6.2-22.6 0l-64 64c-6.2 6.2-6.2 16.4 0 22.6s16.4 6.2 22.6 0L480 310.6V432c0 8.8 7.2 16 16 16s16-7.2 16-16V310.6l36.7 36.7c6.2 6.2 16.4 6.2 22.6 0zM0 176c0-8.8 7.2-16 16-16H368c8.8 0 16 7.2 16 16v32c0 8.8-7.2 16-16 16H16c-8.8 0-16-7.2-16-16V176zm352 80V480c0 17.7-14.3 32-32 32H64c-17.7 0-32-14.3-32-32V256H352zM144 320c-8.8 0-16 7.2-16 16s7.2 16 16 16h96c8.8 0 16-7.2 16-16s-7.2-16-16-16H144z\"\/><\/svg>\n        \n        \n        \n            <\/div>\n    \n\n\n<\/div><div class=\"bde-rich-text-121-172 bde-rich-text breakdance-rich-text-styles\">\n<p>The minimum purchase of unsorted delivered goods is 300 kg<\/p>\n<\/div><h4 class=\"bde-heading-121-173 bde-heading\">\n2\n<\/h4>\n<\/div><div class=\"bde-column-121-174 bde-column\">\n  \n  \n\t\n\n\n\n<div class=\"bde-icon-121-175 bde-icon\">\n\n    \n            <div class=\"bde-icon-icon breakdance-icon-atom\" >\n    \n                    <svg xmlns=\"http:\/\/www.w3.org\/2000\/svg\" viewbox=\"0 0 640 512\"><!--! Font Awesome Free 6.5.1 by @fontawesome - https:\/\/fontawesome.com License - https:\/\/fontawesome.com\/license\/free (Icons: CC BY 4.0, Fonts: SIL OFL 1.1, Code: MIT License) Copyright 2023 Fonticons, Inc. --><path d=\"M544 248v3.3l69.7-69.7c21.9-21.9 21.9-57.3 0-79.2L535.6 24.4c-21.9-21.9-57.3-21.9-79.2 0L416.3 64.5c-2.7-.3-5.5-.5-8.3-.5H296c-37.1 0-67.6 28-71.6 64H224V248c0 22.1 17.9 40 40 40s40-17.9 40-40V176c0 0 0-.1 0-.1V160l16 0 136 0c0 0 0 0 .1 0H464c44.2 0 80 35.8 80 80v8zM336 192v56c0 39.8-32.2 72-72 72s-72-32.2-72-72V129.4c-35.9 6.2-65.8 32.3-76 68.2L99.5 255.2 26.3 328.4c-21.9 21.9-21.9 57.3 0 79.2l78.1 78.1c21.9 21.9 57.3 21.9 79.2 0l37.7-37.7c.9 0 1.8 .1 2.7 .1H384c26.5 0 48-21.5 48-48c0-5.6-1-11-2.7-16H432c26.5 0 48-21.5 48-48c0-12.8-5-24.4-13.2-33c25.7-5 45.1-27.6 45.2-54.8v-.4c-.1-30.8-25.1-55.8-56-55.8c0 0 0 0 0 0l-120 0z\"\/><\/svg>\n        \n        \n        \n            <\/div>\n    \n\n\n<\/div><div class=\"bde-rich-text-121-176 bde-rich-text breakdance-rich-text-styles\">\n<p>Ceny podlegaj\u0105 negocjacjom<\/p>\n<\/div><h4 class=\"bde-heading-121-177 bde-heading\">\n3\n<\/h4>\n<\/div><\/div><\/div>\n<\/section><section id=\"kontakt\" class=\"bde-section-121-117 bde-section\">\n  \n  \n\t\n\n\n\n<div class=\"section-container\"><div class=\"bde-columns-121-118 bde-columns\"><div class=\"bde-column-121-119 bde-column\">\n  \n  \n\t\n\n\n\n<h3 class=\"bde-dual-heading-121-120 bde-dual-heading\">\n\n\n            <span data-style=\"secondary\" class=\"dual-heading--secondary  js-annotate\">CONTACT<\/span>\n\n\n\n<\/h3><h2 class=\"bde-heading-121-121 bde-heading\">\nWant to know current prices or have a question?\n<\/h2><div class=\"bde-rich-text-121-122 bde-rich-text breakdance-rich-text-styles\">\n<h2 class=\"bde-dual-heading-23-277 bde-dual-heading\"><span class=\"dual-heading--primary\" data-style=\"primary\">Leave us your details and\u00a0<\/span><span class=\"dual-heading--secondary\" data-style=\"secondary\">we will contact you as soon as possible<\/span><\/h2>\n<\/div>\n<\/div><div class=\"bde-column-121-124 bde-column\">\n  \n  \n\t\n\n\n\n<div class=\"bde-form-builder-121-188 bde-form-builder\">\n\n<form id=\"contact-form188\" class=\"breakdance-form breakdance-form--vertical\" data-options=\"{&quot;slug&quot;:&quot;custom&quot;,&quot;name&quot;:&quot;Contact Form&quot;,&quot;ajaxUrl&quot;:&quot;https:\\\/\\\/armako.info\\\/wp-admin\\\/admin-ajax.php&quot;,&quot;clearOnSuccess&quot;:true,&quot;hideOnSuccess&quot;:false,&quot;successMessage&quot;:&quot;Twoja wiadomo\\u015b\\u0107 zosta\\u0142a wys\\u0142ana &quot;,&quot;errorMessage&quot;:&quot;Co\\u015b posz\\u0142o nie tak&quot;,&quot;redirect&quot;:false,&quot;redirectUrl&quot;:&quot;&quot;,&quot;customJavaScript&quot;:&quot;&quot;,&quot;recaptcha&quot;:{&quot;key&quot;:&quot;&quot;,&quot;enabled&quot;:false},&quot;honeypot_enabled&quot;:false,&quot;popupsOnSuccess&quot;:[],&quot;popupsOnError&quot;:[]}\" data-steps=\"0\" action=\"\" >\n  \n  \n  \n<div class=\"breakdance-form-field breakdance-form-field--text\" >\n    \n    \n    \n    <input\n    class=\"breakdance-form-field__input\"\n    id=\"name\"\n    aria-describedby=\"name\"\n    type=\"text\"\n    name=\"fields[name]\"\n    placeholder=\"Your name\"\n    value=\"\"\n                \n        \n        \n    required\n>\n\n\n    \n    \n<\/div>\n\n\n<div class=\"breakdance-form-field breakdance-form-field--tel\" >\n    \n    \n    \n    <input\n    class=\"breakdance-form-field__input\"\n    id=\"telefon\"\n    aria-describedby=\"telefon\"\n    type=\"tel\"\n    name=\"fields[telefon]\"\n    placeholder=\"Phone number\"\n    value=\"\"\n                \n        \n        \n    required\n>\n\n\n    \n    \n<\/div>\n\n\n<div class=\"breakdance-form-field breakdance-form-field--email\" >\n    \n    \n    \n    <input\n    class=\"breakdance-form-field__input\"\n    id=\"email\"\n    aria-describedby=\"email\"\n    type=\"email\"\n    name=\"fields[email]\"\n    placeholder=\"E-mail\"\n    value=\"\"\n                \n        \n        \n    required\n>\n\n\n    \n    \n<\/div>\n\n\n<div class=\"breakdance-form-field breakdance-form-field--select\" >\n    \n    \n    \n    <select\n    class=\"breakdance-form-field__input\"\n    id=\"Temat \"\n    name=\"fields[Temat ]\"\n    \n    \n        >\n      <option value=\"\">jaka oferta ci\u0119 interesuje?<\/option>\n          <option value=\"Odzie\u017c z Anglii\" >Odzie\u017c z Anglii<\/option>\n        <option value=\"Odzie\u017c z Danii\" >Odzie\u017c z Danii<\/option>\n        <option value=\"Odzie\u017c z Norwegii\" >Odzie\u017c z Norwegii<\/option>\n        <option value=\"Odzie\u017c ze Szkocji\" >Odzie\u017c ze Szkocji<\/option>\n  <\/select>\n\n\n    \n    \n<\/div>\n\n\n<div class=\"breakdance-form-field breakdance-form-field--textarea\" >\n    \n    \n    \n    <textarea\n    class=\"breakdance-form-field__input\"\n    id=\"wiadomo\u015b\u0107\"\n    aria-describedby=\"wiadomo\u015b\u0107\"\n    type=\"textarea\"\n    name=\"fields[wiadomo\u015b\u0107]\"\n        placeholder=\"Your message\"\n    \n    >\n<\/textarea>\n\n\n    \n    \n<\/div>\n\n\n<div class=\"breakdance-form-field breakdance-form-field--checkbox\" >\n    \n    \n    \n    \n\n\n    \n    \n<\/div>\n\n\n  \n\n<div class=\"breakdance-form-field breakdance-form-footer\">\n    \n    \n                                    \n    \n    \n    \n    \n            \n            <button type=\"submit\" class=\"button-atom button-atom--primary breakdance-form-button breakdance-form-button__submit\"  >\n    \n        <span class=\"button-atom__text\">PLEASE CONTACT ME<\/span>\n\n        \n        \n            <\/button>\n    \n    <input type=\"hidden\" name=\"form_id\" value=\"188\">\n    <input type=\"hidden\" name=\"post_id\" value=\"121\">\n<\/div>\n\n  \n<input type=\"hidden\" name=\"trp-form-language\" value=\"en\"\/><\/form>\n\n\n<\/div>\n<\/div><\/div><\/div>\n<\/section>","protected":false},"excerpt":{"rendered":"<p>Cennik odzie\u017cy u\u017cywanej Strona g\u0142\u00f3wna Gwarantujemy 100% oryginalny Niesort Door to Door \u2013 w takiej formie w jakiej zosta\u0142 zebrany Ceny importowanej odzie\u017cy u\u017cywanej ulegaj\u0105 ci\u0105g\u0142ym zmianom. Hurtownia ARMAKO oferuje swoim odbiorcom przejrzyste i uczciwe warunki cenowe. Dzi\u0119ki temu wsp\u00f3\u0142praca jest przewidywalna i oparta \u2028na zdrowych relacjach. Wiemy, jak wa\u017cne s\u0105 dla naszych klient\u00f3w konkurencyjne [&hellip;]<\/p>","protected":false},"author":1,"featured_media":0,"parent":0,"menu_order":0,"comment_status":"closed","ping_status":"closed","template":"","meta":{"_breakdance_hide_in_design_set":false,"_breakdance_tags":"","footnotes":""},"class_list":["post-121","page","type-page","status-publish","hentry"],"yoast_head":"<!-- This site is optimized with the Yoast SEO plugin v26.8 - https:\/\/yoast.com\/product\/yoast-seo-wordpress\/ -->\n<title>Cennik - ARMAKO - hurtowa sprzeda\u017c odzie\u017cy u\u017cywanej<\/title>\n<meta name=\"description\" content=\"Sprawd\u017a aktualny cennik odzie\u017cy u\u017cywanej Armako \u2013 bezpo\u015bredni import z UK, Danii i Norwegii. Atrakcyjne ceny i wysoka jako\u015b\u0107!\" \/>\n<meta name=\"robots\" content=\"index, follow, max-snippet:-1, max-image-preview:large, max-video-preview:-1\" \/>\n<link rel=\"canonical\" href=\"https:\/\/armako.info\/en\/cennik\/\" \/>\n<meta property=\"og:locale\" content=\"en_US\" \/>\n<meta property=\"og:type\" content=\"article\" \/>\n<meta property=\"og:title\" content=\"Cennik - ARMAKO - hurtowa sprzeda\u017c odzie\u017cy u\u017cywanej\" \/>\n<meta property=\"og:description\" content=\"Sprawd\u017a aktualny cennik odzie\u017cy u\u017cywanej Armako \u2013 bezpo\u015bredni import z UK, Danii i Norwegii. Atrakcyjne ceny i wysoka jako\u015b\u0107!\" \/>\n<meta property=\"og:url\" content=\"https:\/\/armako.info\/en\/cennik\/\" \/>\n<meta property=\"og:site_name\" content=\"ARMAKO - hurtowa sprzeda\u017c odzie\u017cy u\u017cywanej\" \/>\n<meta property=\"article:modified_time\" content=\"2025-04-29T07:41:44+00:00\" \/>\n<meta name=\"twitter:card\" content=\"summary_large_image\" \/>\n<meta name=\"twitter:label1\" content=\"Est. reading time\" \/>\n\t<meta name=\"twitter:data1\" content=\"2 minutes\" \/>\n<script type=\"application\/ld+json\" class=\"yoast-schema-graph\">{\"@context\":\"https:\/\/schema.org\",\"@graph\":[{\"@type\":\"WebPage\",\"@id\":\"https:\/\/armako.info\/cennik\/\",\"url\":\"https:\/\/armako.info\/cennik\/\",\"name\":\"Cennik - ARMAKO - hurtowa sprzeda\u017c odzie\u017cy u\u017cywanej\",\"isPartOf\":{\"@id\":\"https:\/\/armako.info\/#website\"},\"datePublished\":\"2025-02-10T11:12:44+00:00\",\"dateModified\":\"2025-04-29T07:41:44+00:00\",\"description\":\"Sprawd\u017a aktualny cennik odzie\u017cy u\u017cywanej Armako \u2013 bezpo\u015bredni import z UK, Danii i Norwegii. Atrakcyjne ceny i wysoka jako\u015b\u0107!\",\"breadcrumb\":{\"@id\":\"https:\/\/armako.info\/cennik\/#breadcrumb\"},\"inLanguage\":\"en-US\",\"potentialAction\":[{\"@type\":\"ReadAction\",\"target\":[\"https:\/\/armako.info\/cennik\/\"]}]},{\"@type\":\"BreadcrumbList\",\"@id\":\"https:\/\/armako.info\/cennik\/#breadcrumb\",\"itemListElement\":[{\"@type\":\"ListItem\",\"position\":1,\"name\":\"Strona g\u0142\u00f3wna\",\"item\":\"https:\/\/armako.info\/\"},{\"@type\":\"ListItem\",\"position\":2,\"name\":\"Cennik\"}]},{\"@type\":\"WebSite\",\"@id\":\"https:\/\/armako.info\/#website\",\"url\":\"https:\/\/armako.info\/\",\"name\":\"ARMAKO - hurtowa sprzeda\u017c odzie\u017cy u\u017cywanej\",\"description\":\"Hurtowa sprzeda\u017c odzie\u017cy u\u017cywanej\",\"potentialAction\":[{\"@type\":\"SearchAction\",\"target\":{\"@type\":\"EntryPoint\",\"urlTemplate\":\"https:\/\/armako.info\/?s={search_term_string}\"},\"query-input\":{\"@type\":\"PropertyValueSpecification\",\"valueRequired\":true,\"valueName\":\"search_term_string\"}}],\"inLanguage\":\"en-US\"}]}<\/script>\n<!-- \/ Yoast SEO plugin. -->","yoast_head_json":{"title":"Cennik - ARMAKO - hurtowa sprzeda\u017c odzie\u017cy u\u017cywanej","description":"Sprawd\u017a aktualny cennik odzie\u017cy u\u017cywanej Armako \u2013 bezpo\u015bredni import z UK, Danii i Norwegii. Atrakcyjne ceny i wysoka jako\u015b\u0107!","robots":{"index":"index","follow":"follow","max-snippet":"max-snippet:-1","max-image-preview":"max-image-preview:large","max-video-preview":"max-video-preview:-1"},"canonical":"https:\/\/armako.info\/en\/cennik\/","og_locale":"en_US","og_type":"article","og_title":"Cennik - ARMAKO - hurtowa sprzeda\u017c odzie\u017cy u\u017cywanej","og_description":"Sprawd\u017a aktualny cennik odzie\u017cy u\u017cywanej Armako \u2013 bezpo\u015bredni import z UK, Danii i Norwegii. Atrakcyjne ceny i wysoka jako\u015b\u0107!","og_url":"https:\/\/armako.info\/en\/cennik\/","og_site_name":"ARMAKO - hurtowa sprzeda\u017c odzie\u017cy u\u017cywanej","article_modified_time":"2025-04-29T07:41:44+00:00","twitter_card":"summary_large_image","twitter_misc":{"Est. reading time":"2 minutes"},"schema":{"@context":"https:\/\/schema.org","@graph":[{"@type":"WebPage","@id":"https:\/\/armako.info\/cennik\/","url":"https:\/\/armako.info\/cennik\/","name":"Cennik - ARMAKO - hurtowa sprzeda\u017c odzie\u017cy u\u017cywanej","isPartOf":{"@id":"https:\/\/armako.info\/#website"},"datePublished":"2025-02-10T11:12:44+00:00","dateModified":"2025-04-29T07:41:44+00:00","description":"Sprawd\u017a aktualny cennik odzie\u017cy u\u017cywanej Armako \u2013 bezpo\u015bredni import z UK, Danii i Norwegii. Atrakcyjne ceny i wysoka jako\u015b\u0107!","breadcrumb":{"@id":"https:\/\/armako.info\/cennik\/#breadcrumb"},"inLanguage":"en-US","potentialAction":[{"@type":"ReadAction","target":["https:\/\/armako.info\/cennik\/"]}]},{"@type":"BreadcrumbList","@id":"https:\/\/armako.info\/cennik\/#breadcrumb","itemListElement":[{"@type":"ListItem","position":1,"name":"Strona g\u0142\u00f3wna","item":"https:\/\/armako.info\/"},{"@type":"ListItem","position":2,"name":"Cennik"}]},{"@type":"WebSite","@id":"https:\/\/armako.info\/#website","url":"https:\/\/armako.info\/","name":"ARMAKO - hurtowa sprzeda\u017c odzie\u017cy u\u017cywanej","description":"Hurtowa sprzeda\u017c odzie\u017cy u\u017cywanej","potentialAction":[{"@type":"SearchAction","target":{"@type":"EntryPoint","urlTemplate":"https:\/\/armako.info\/?s={search_term_string}"},"query-input":{"@type":"PropertyValueSpecification","valueRequired":true,"valueName":"search_term_string"}}],"inLanguage":"en-US"}]}},"_links":{"self":[{"href":"https:\/\/armako.info\/en\/wp-json\/wp\/v2\/pages\/121","targetHints":{"allow":["GET"]}}],"collection":[{"href":"https:\/\/armako.info\/en\/wp-json\/wp\/v2\/pages"}],"about":[{"href":"https:\/\/armako.info\/en\/wp-json\/wp\/v2\/types\/page"}],"author":[{"embeddable":true,"href":"https:\/\/armako.info\/en\/wp-json\/wp\/v2\/users\/1"}],"replies":[{"embeddable":true,"href":"https:\/\/armako.info\/en\/wp-json\/wp\/v2\/comments?post=121"}],"version-history":[{"count":19,"href":"https:\/\/armako.info\/en\/wp-json\/wp\/v2\/pages\/121\/revisions"}],"predecessor-version":[{"id":705,"href":"https:\/\/armako.info\/en\/wp-json\/wp\/v2\/pages\/121\/revisions\/705"}],"wp:attachment":[{"href":"https:\/\/armako.info\/en\/wp-json\/wp\/v2\/media?parent=121"}],"curies":[{"name":"wp","href":"https:\/\/api.w.org\/{rel}","templated":true}]}}